{"id":1037,"date":"2024-10-18T18:26:40","date_gmt":"2024-10-18T16:26:40","guid":{"rendered":"https:\/\/iothing.es\/?page_id=1037"},"modified":"2024-10-22T12:34:22","modified_gmt":"2024-10-22T10:34:22","slug":"politica-de-cookies","status":"publish","type":"page","link":"https:\/\/iothing.es\/en\/politica-de-cookies\/","title":{"rendered":"Cookie Policy"},"content":{"rendered":"<p>[et_pb_section fb_built=\u00bb1&#8243; _builder_version=\u00bb4.27.2&#8243; _module_preset=\u00bbdefault\u00bb da_disable_devices=\u00bboff|off|off\u00bb global_colors_info=\u00bb{}\u00bb da_is_popup=\u00bboff\u00bb da_exit_intent=\u00bboff\u00bb da_has_close=\u00bbon\u00bb da_alt_close=\u00bboff\u00bb da_dark_close=\u00bboff\u00bb da_not_modal=\u00bbon\u00bb da_is_singular=\u00bboff\u00bb da_with_loader=\u00bboff\u00bb da_has_shadow=\u00bbon\u00bb][et_pb_row _builder_version=\u00bb4.27.2&#8243; _module_preset=\u00bbdefault\u00bb global_colors_info=\u00bb{}\u00bb][et_pb_column type=\u00bb4_4&#8243; _builder_version=\u00bb4.27.2&#8243; _module_preset=\u00bbdefault\u00bb global_colors_info=\u00bb{}\u00bb][et_pb_text _builder_version=\u00bb4.27.2&#8243; _module_preset=\u00bbdefault\u00bb header_font=\u00bb&#8211;et_global_heading_font|800|||||||\u00bb header_font_size=\u00bb55px\u00bb hover_enabled=\u00bb0&#8243; global_colors_info=\u00bb{}\u00bb sticky_enabled=\u00bb0&#8243;]<\/p>\n<h1 style=\"text-align: left;\">Cookie Policy<\/h1>\n<p>[\/et_pb_text][et_pb_button button_url=\u00bb#\u00bb button_text=\u00bbAjustes de cookies\u00bb module_class=\u00bbcky-banner-element\u00bb _builder_version=\u00bb4.27.2&#8243; _module_preset=\u00bb3c20465c-e068-4c0d-b661-d2a5850dbfe7&#8243; hover_enabled=\u00bb0&#8243; global_colors_info=\u00bb{}\u00bb sticky_enabled=\u00bb0&#8243;][\/et_pb_button][et_pb_text _builder_version=\u00bb4.27.2&#8243; _module_preset=\u00bbdefault\u00bb text_font=\u00bb|300|||||||\u00bb text_font_size=\u00bb18px\u00bb header_2_font=\u00bb|800|||||||\u00bb hover_enabled=\u00bb0&#8243; global_colors_info=\u00bb{}\u00bb sticky_enabled=\u00bb0&#8243;]<\/p>\n<p style=\"text-align: left;\">This website uses cookies or other files with similar functionality (hereinafter, &quot;cookies&quot;) to provide you with a better service and provide you with a better browsing experience. The purpose of this policy is to inform you in a clear and detailed manner about what a cookie is, what its purpose is, what type of cookies we use and how to configure them or, where appropriate, disable them.<\/p>\n<h2 style=\"text-align: left;\">What are cookies?<\/h2>\n<p style=\"text-align: left;\">A cookie is a file that is downloaded to your computer when you access certain web pages. Cookies allow a website, among other things, to store and retrieve information about the browsing habits of a user or their equipment and, depending on the information they contain and the way in which your equipment is used, they can be used to recognise you.<\/p>\n<p>However, these tools only obtain information related to the number of pages visited, the city to which the IP address from which the access is assigned, the number of new users, the frequency and recurrence of visits, the visit time, the browser or operator or type of terminal from which the visit is made. No data is obtained on the name, surname, postal address or other similar data of the user who has connected.<\/p>\n<h2>Types of Cookies<\/h2>\n<h3>Types of cookies according to the entity that manages them<\/h3>\n<p><strong>Own cookies:<\/strong>\u00a0These are cookies that are sent to the user&#039;s terminal equipment from a computer or domain managed by the publisher itself and from which the service requested by the user is provided.<br \/>\n<strong>Third-party cookies:\u00a0<\/strong>These are cookies that are sent to the user&#039;s terminal equipment from a computer or domain that is not managed by the publisher, but by another entity that processes the data obtained through the cookies.<\/p>\n<h3>Types of cookies according to the period of time they remain active on your device<\/h3>\n<p><strong>Session cookies:<\/strong> They are a type of cookies designed to collect and store data while the user accesses a web page.<br \/>\n<strong>Persistent cookies:<\/strong>\u00a0They are a type of cookie in which the data remains stored on the terminal and can be accessed and processed for a period defined by the person responsible for the cookie, which can range from a few minutes to several years.<\/p>\n<h3>Types of cookies according to their purpose<\/h3>\n<p><strong>Technical or session cookies:<\/strong> These cookies allow the user to navigate through a website, platform or application and use the different options or services that exist therein, including the management and operation of the website and enabling its functions and services, such as, for example, identifying the session, accessing restricted access parts, remembering the elements that make up an order, carrying out the purchase process of an order, managing payment, etc. The website cannot function properly without these cookies, which is why they are considered necessary.<br \/>\n<strong>Preference or personalization cookies:\u00a0<\/strong>These are cookies that allow us to remember information so that you can access the Website with features that may differentiate your experience from that of other users, such as, for example, the appearance or content of the Website, which may vary depending on the type of browser you use.<br \/>\n<strong>Analysis cookies:\u00a0<\/strong>These are cookies that, whether processed by us or by third parties, allow us to quantify the number of users and thus perform statistical measurements and analyses of the use made by users of the service offered. To do this, we analyse your browsing on our website in order to improve the range of products or services we offer you.<br \/>\n<strong>Advertising cookies:<\/strong>\u00a0These are those that allow the management, in the most efficient way possible, of the advertising spaces that, where appropriate, the editor has included on a website, application or platform from which the requested service is provided based on criteria such as the edited content or the frequency with which the advertisements are displayed.<br \/>\n<strong>Behavioural advertising cookies:\u00a0<\/strong>These cookies allow the management, in the most efficient way possible, of the advertising spaces that, where appropriate, the editor has included on a website, application or platform from which the requested service is provided. These cookies store information on the behavior of users obtained through the continuous observation of their browsing habits, which allows the development of a specific profile to display advertising based on it. Likewise, it is possible that when visiting a website or opening an email where an advertisement or promotion about our products or services is published, a cookie is installed in your browser that serves to subsequently show you advertising related to the search you have carried out, develop a control of our advertisements in relation, for example, to the number of times they are seen, where they appear, at what time they are seen, etc.<\/p>\n<h2><\/h2>\n<h2>List of cookies used on the website<\/h2>\n<p>[\/et_pb_text][et_pb_text _builder_version=\u00bb4.27.2&#8243; _module_preset=\u00bbdefault\u00bb text_font=\u00bb|300|||||||\u00bb text_font_size=\u00bb18px\u00bb header_2_font=\u00bb|800|||||||\u00bb hover_enabled=\u00bb0&#8243; global_colors_info=\u00bb{}\u00bb sticky_enabled=\u00bb0&#8243;]<\/p>\n<div class=\"cky-audit-table-element\"><\/div>\n<p>[\/et_pb_text][et_pb_text _builder_version=\u00bb4.27.2&#8243; _module_preset=\u00bbdefault\u00bb text_font=\u00bb|300|||||||\u00bb text_font_size=\u00bb18px\u00bb header_2_font=\u00bb|800|||||||\u00bb hover_enabled=\u00bb0&#8243; global_colors_info=\u00bb{}\u00bb sticky_enabled=\u00bb0&#8243;]<\/p>\n<h2>Who is responsible for the processing of cookies on this website?<\/h2>\n<p>The owner of the website and the party responsible for the processing of the cookies used here, as well as their contact details, are accessible in the LEGAL NOTICE on this page. Likewise, there may be cookies from third parties other than the owner of this website, as explained below.<\/p>\n<h2>What is the legitimacy for the use of cookies?<\/h2>\n<p>In the case of technical cookies, that is, those that are essential to navigate this website and receive the service offered through it, the legal basis for their use is the agreement through which you decide to use this website and use its services.<\/p>\n<p>The legal basis for the use of other cookies is the user&#039;s consent, which is requested when accessing this website, and may be revoked at any time. The withdrawal of said consent will not affect the possibility of browsing this website and using its services, but the data processing carried out previously will not lose its legality due to the fact that the consent has been revoked.<\/p>\n<h2>To which recipients will the cookies be communicated or have access to them?<\/h2>\n<p>Where third-party cookies exist, as indicated above, such third parties may access and use the cookies in the manner described above.<\/p>\n<h2>What are your rights in relation to the use of cookies by this website?<\/h2>\n<p>According to current legislation, any person has the right to obtain confirmation as to whether or not personal data concerning them is being processed. Likewise, under the legally established conditions, interested parties have the right to access their data, as well as to request the rectification of inaccurate data or, where appropriate, to request its deletion when, among other reasons, the data is no longer necessary for the purposes for which it was collected. In the case of cookies, these rights may be exercised subject to the limitations arising from the nature of these files.<\/p>\n<p>Under the conditions provided for in the General Data Protection Regulation, interested parties may request the limitation of the processing of their data or its portability, in which case we will only retain them for the exercise or defense of claims.<\/p>\n<p>In certain circumstances and for reasons related to their particular situation, interested parties may object to the processing of their data. If you have given consent for a specific purpose, you have the right to withdraw it at any time, without affecting the lawfulness of the processing based on the consent prior to its withdrawal. In these cases, we will stop processing the data or, where appropriate, we will stop doing so for that specific purpose, except for compelling legitimate reasons, or the exercise or defense of possible claims. In the event of any violation of your rights, especially when you have not obtained satisfaction in their exercise, you can file a claim with the Spanish Data Protection Agency (contact details available at www.aepd.es), or another competent supervisory authority. You can also obtain more information about<br \/>the rights that assist you by contacting said organizations.<\/p>\n<h2>How can I manage cookies?<\/h2>\n<p>You can allow, block or delete the cookies installed on your computer using the \u201cCookie settings\u201d button, which appears at the top of this page.<\/p>\n<p>Please note that if you accept third-party cookies, you will need to delete them from your browser options or from the system offered by the third party itself.<\/p>\n<p>Cookie settings through your browser: You can allow, block or delete the cookies installed on your computer at any time through the options provided by the browser you use. Please note that if you disable all cookies, some features or content on the Website may be affected. We will tell you how to do this in the most common cases:<\/p>\n<p><strong>If you use Microsoft Internet Explorer:<\/strong>\u00a0Click the Tools button in Internet Explorer, then click Internet Options &gt; Privacy &gt; Settings &gt; OK.<br \/><strong>If you use Firefox:<\/strong>\u00a0Click the Firefox button and select Options &gt; Privacy &gt; Use custom settings for history &gt; Check Accept Cookies to enable them, uncheck it to disable them &gt; Choose how long cookies will be stored &gt; OK.<br \/><strong>If you use Chrome:<\/strong>\u00a0Click on the Chrome menu in the browser toolbar &gt; Settings &gt; Show advanced settings &gt; In the \u201cPrivacy\u201d section, click on Content settings &gt; In the \u201cCookies\u201d section, you can configure cookies.<br \/><strong>If you use Safari:<\/strong>\u00a0Go to Preferences and, in the Privacy panel, choose Block Cookies, and select the option you prefer from those offered by the browser.<br \/><strong>If you use Opera:<\/strong>\u00a0Click Settings &gt; Options &gt; Advanced &gt; Cookies.<br \/><strong>If you use an iPhone or iPad:<\/strong>\u00a0From the Home screen, choose Settings &gt; Safari, then choose the configuration option you prefer.<br \/><strong>If you use Android:\u00a0<\/strong>Tap Menu &gt; Settings &gt; Security &amp; Privacy &gt; check or uncheck the \u201cAccept cookies\u201d box &gt; Restart the browser for the changes to take effect.<br \/><strong>If you use Windows Phone:<\/strong>\u00a0In Internet Explorer, tap More &gt; Settings. You can also access Internet Explorer settings through Settings in the apps list. Select or clear the Allow cookies option.<br \/><strong>Other third-party tools:<\/strong>\u00a0You can revoke your consent to the use of cookies in your browser using the instructions above or by installing an opt-out system in your web browser. Similarly, by disabling the geolocation function of your devices, you can disable tracking carried out through certain analytical cookies. You can also control ads and tracking technologies with the Ghostery application.<\/p>\n<h2>Additional information<\/h2>\n<p>You can consult additional information about the processing of your information, in particular about your rights and the methods of exercising them, in the legal notice and privacy policy that you will find available through the link at the bottom of the Website, and which we invite you to consult.<\/p>\n<p>[\/et_pb_text][\/et_pb_column][\/et_pb_row][\/et_pb_section]<\/p>","protected":false},"excerpt":{"rendered":"<p>Pol\u00edtica de CookiesEsta p\u00e1gina web utiliza cookies u otros archivos de funcionalidad similar (en adelante, \u201ccookies\u201d) para prestarle un mejor servicio y proporcionarle una mejor experiencia de navegaci\u00f3n. El objetivo de esta pol\u00edtica es informarle de manera clara y detallada de qu\u00e9 es una cookie, cu\u00e1l es su finalidad, qu\u00e9 tipo de cookies utilizamos y [&hellip;]<\/p>","protected":false},"author":4,"featured_media":0,"parent":0,"menu_order":0,"comment_status":"closed","ping_status":"closed","template":"","meta":{"_et_pb_use_builder":"on","_et_pb_old_content":"","_et_gb_content_width":"","inline_featured_image":false,"footnotes":""},"class_list":["post-1037","page","type-page","status-publish","hentry"],"yoast_head":"<!-- This site is optimized with the Yoast SEO plugin v24.6 - https:\/\/yoast.com\/wordpress\/plugins\/seo\/ -->\n<title>Pol\u00edtica de cookies - IOTHING<\/title>\n<meta name=\"robots\" content=\"index, follow, max-snippet:-1, max-image-preview:large, max-video-preview:-1\" \/>\n<link rel=\"canonical\" href=\"https:\/\/iothing.es\/en\/politica-de-cookies\/\" \/>\n<meta property=\"og:locale\" content=\"en_GB\" \/>\n<meta property=\"og:type\" content=\"article\" \/>\n<meta property=\"og:title\" content=\"Pol\u00edtica de cookies - IOTHING\" \/>\n<meta property=\"og:url\" content=\"https:\/\/iothing.es\/en\/politica-de-cookies\/\" \/>\n<meta property=\"og:site_name\" content=\"IOTHING\" \/>\n<meta property=\"article:modified_time\" content=\"2024-10-22T10:34:22+00:00\" \/>\n<meta property=\"og:image\" content=\"https:\/\/iothing.es\/wp-content\/uploads\/2024\/09\/quote-home-tn.jpg\" \/>\n\t<meta property=\"og:image:width\" content=\"1414\" \/>\n\t<meta property=\"og:image:height\" content=\"990\" \/>\n\t<meta property=\"og:image:type\" content=\"image\/jpeg\" \/>\n<meta name=\"twitter:card\" content=\"summary_large_image\" \/>\n<script type=\"application\/ld+json\" class=\"yoast-schema-graph\">{\"@context\":\"https:\/\/schema.org\",\"@graph\":[{\"@type\":\"WebPage\",\"@id\":\"https:\/\/iothing.es\/politica-de-cookies\/\",\"url\":\"https:\/\/iothing.es\/politica-de-cookies\/\",\"name\":\"Pol\u00edtica de cookies - IOTHING\",\"isPartOf\":{\"@id\":\"https:\/\/iothing.es\/#website\"},\"datePublished\":\"2024-10-18T16:26:40+00:00\",\"dateModified\":\"2024-10-22T10:34:22+00:00\",\"breadcrumb\":{\"@id\":\"https:\/\/iothing.es\/politica-de-cookies\/#breadcrumb\"},\"inLanguage\":\"en-GB\",\"potentialAction\":[{\"@type\":\"ReadAction\",\"target\":[\"https:\/\/iothing.es\/politica-de-cookies\/\"]}]},{\"@type\":\"BreadcrumbList\",\"@id\":\"https:\/\/iothing.es\/politica-de-cookies\/#breadcrumb\",\"itemListElement\":[{\"@type\":\"ListItem\",\"position\":1,\"name\":\"Portada\",\"item\":\"https:\/\/iothing.es\/\"},{\"@type\":\"ListItem\",\"position\":2,\"name\":\"Pol\u00edtica de cookies\"}]},{\"@type\":\"WebSite\",\"@id\":\"https:\/\/iothing.es\/#website\",\"url\":\"https:\/\/iothing.es\/\",\"name\":\"IOTHING\",\"description\":\"The lab of the smart connected devices\",\"publisher\":{\"@id\":\"https:\/\/iothing.es\/#organization\"},\"potentialAction\":[{\"@type\":\"SearchAction\",\"target\":{\"@type\":\"EntryPoint\",\"urlTemplate\":\"https:\/\/iothing.es\/?s={search_term_string}\"},\"query-input\":{\"@type\":\"PropertyValueSpecification\",\"valueRequired\":true,\"valueName\":\"search_term_string\"}}],\"inLanguage\":\"en-GB\"},{\"@type\":\"Organization\",\"@id\":\"https:\/\/iothing.es\/#organization\",\"name\":\"IOTHING\",\"url\":\"https:\/\/iothing.es\/\",\"logo\":{\"@type\":\"ImageObject\",\"inLanguage\":\"en-GB\",\"@id\":\"https:\/\/iothing.es\/#\/schema\/logo\/image\/\",\"url\":\"https:\/\/iothing.es\/wp-content\/uploads\/2024\/09\/logo-IOTHING.svg\",\"contentUrl\":\"https:\/\/iothing.es\/wp-content\/uploads\/2024\/09\/logo-IOTHING.svg\",\"width\":\"1200\",\"height\":\"1200\",\"caption\":\"IOTHING\"},\"image\":{\"@id\":\"https:\/\/iothing.es\/#\/schema\/logo\/image\/\"},\"sameAs\":[\"https:\/\/www.linkedin.com\/company\/iothing\"]}]}<\/script>\n<!-- \/ Yoast SEO plugin. -->","yoast_head_json":{"title":"Pol\u00edtica de cookies - IOTHING","robots":{"index":"index","follow":"follow","max-snippet":"max-snippet:-1","max-image-preview":"max-image-preview:large","max-video-preview":"max-video-preview:-1"},"canonical":"https:\/\/iothing.es\/en\/politica-de-cookies\/","og_locale":"en_GB","og_type":"article","og_title":"Pol\u00edtica de cookies - IOTHING","og_url":"https:\/\/iothing.es\/en\/politica-de-cookies\/","og_site_name":"IOTHING","article_modified_time":"2024-10-22T10:34:22+00:00","og_image":[{"width":1414,"height":990,"url":"https:\/\/iothing.es\/wp-content\/uploads\/2024\/09\/quote-home-tn.jpg","type":"image\/jpeg"}],"twitter_card":"summary_large_image","schema":{"@context":"https:\/\/schema.org","@graph":[{"@type":"WebPage","@id":"https:\/\/iothing.es\/politica-de-cookies\/","url":"https:\/\/iothing.es\/politica-de-cookies\/","name":"Pol\u00edtica de cookies - IOTHING","isPartOf":{"@id":"https:\/\/iothing.es\/#website"},"datePublished":"2024-10-18T16:26:40+00:00","dateModified":"2024-10-22T10:34:22+00:00","breadcrumb":{"@id":"https:\/\/iothing.es\/politica-de-cookies\/#breadcrumb"},"inLanguage":"en-GB","potentialAction":[{"@type":"ReadAction","target":["https:\/\/iothing.es\/politica-de-cookies\/"]}]},{"@type":"BreadcrumbList","@id":"https:\/\/iothing.es\/politica-de-cookies\/#breadcrumb","itemListElement":[{"@type":"ListItem","position":1,"name":"Portada","item":"https:\/\/iothing.es\/"},{"@type":"ListItem","position":2,"name":"Pol\u00edtica de cookies"}]},{"@type":"WebSite","@id":"https:\/\/iothing.es\/#website","url":"https:\/\/iothing.es\/","name":"IOTHING","description":"The lab of the smart connected devices","publisher":{"@id":"https:\/\/iothing.es\/#organization"},"potentialAction":[{"@type":"SearchAction","target":{"@type":"EntryPoint","urlTemplate":"https:\/\/iothing.es\/?s={search_term_string}"},"query-input":{"@type":"PropertyValueSpecification","valueRequired":true,"valueName":"search_term_string"}}],"inLanguage":"en-GB"},{"@type":"Organization","@id":"https:\/\/iothing.es\/#organization","name":"IOTHING","url":"https:\/\/iothing.es\/","logo":{"@type":"ImageObject","inLanguage":"en-GB","@id":"https:\/\/iothing.es\/#\/schema\/logo\/image\/","url":"https:\/\/iothing.es\/wp-content\/uploads\/2024\/09\/logo-IOTHING.svg","contentUrl":"https:\/\/iothing.es\/wp-content\/uploads\/2024\/09\/logo-IOTHING.svg","width":"1200","height":"1200","caption":"IOTHING"},"image":{"@id":"https:\/\/iothing.es\/#\/schema\/logo\/image\/"},"sameAs":["https:\/\/www.linkedin.com\/company\/iothing"]}]}},"_links":{"self":[{"href":"https:\/\/iothing.es\/en\/wp-json\/wp\/v2\/pages\/1037","targetHints":{"allow":["GET"]}}],"collection":[{"href":"https:\/\/iothing.es\/en\/wp-json\/wp\/v2\/pages"}],"about":[{"href":"https:\/\/iothing.es\/en\/wp-json\/wp\/v2\/types\/page"}],"author":[{"embeddable":true,"href":"https:\/\/iothing.es\/en\/wp-json\/wp\/v2\/users\/4"}],"replies":[{"embeddable":true,"href":"https:\/\/iothing.es\/en\/wp-json\/wp\/v2\/comments?post=1037"}],"version-history":[{"count":11,"href":"https:\/\/iothing.es\/en\/wp-json\/wp\/v2\/pages\/1037\/revisions"}],"predecessor-version":[{"id":1073,"href":"https:\/\/iothing.es\/en\/wp-json\/wp\/v2\/pages\/1037\/revisions\/1073"}],"wp:attachment":[{"href":"https:\/\/iothing.es\/en\/wp-json\/wp\/v2\/media?parent=1037"}],"curies":[{"name":"wp","href":"https:\/\/api.w.org\/{rel}","templated":true}]}}