{"id":1088,"date":"2024-11-05T10:51:45","date_gmt":"2024-11-05T09:51:45","guid":{"rendered":"https:\/\/iothing.es\/?page_id=1088"},"modified":"2024-11-05T11:08:53","modified_gmt":"2024-11-05T10:08:53","slug":"politica-de-privacidad","status":"publish","type":"page","link":"https:\/\/iothing.es\/en\/politica-de-privacidad\/","title":{"rendered":"Privacy Policy"},"content":{"rendered":"<p>[et_pb_section fb_built=\u00bb1\u2033 _builder_version=\u00bb4.27.2\u2033 _module_preset=\u00bbdefault\u00bb da_disable_devices=\u00bboff|off|off\u00bb global_colors_info=\u00bb{}\u00bb da_is_popup=\u00bboff\u00bb da_exit_intent=\u00bboff\u00bb da_has_close=\u00bbon\u00bb da_alt_close =\u00bboff\u00bb da_dark_close=\u00bboff\u00bb da_not_modal=\u00bbon\u00bb da_is_singular=\u00bboff\u00bb da_with_loader=\u00bboff\u00bb da_has_shadow=\u00bbon\u00bb][et_pb_row _builder_version=\u00bb4.27.2\u2033 _module_preset=\u00bbdefault\u00bb global_colors_info=\u00bb{}\u00bb][et_pb_column type =\u00bb4_4\u2033 _builder_version=\u201d4.27.2\u2033 _module_preset=\u00bbdefault\u00bb global_colors_info=\u00bb{}\u00bb][et_pb_text _builder_version=\u00bb4.27.2\u2033 _module_preset=\u00bbdefault\u00bb header_font=\u00bb\u2013et_global_heading_font|800|||||||\u00bb header_font_size=\u00bb55px\u00bb global_colors_info=\u00bb{}\u00bb]<\/p>\n<h1 style=\"text-align: left;\">Privacy Policy<\/h1>\n<p>[\/et_pb_text][et_pb_text ul_item_indent=\u00bb67px\u00bb ol_position=\u00bboutside\u00bb ol_item_indent=\u00bb66px\u00bb _builder_version=\u00bb4.27.2&#8243; _module_preset=\u00bbdefault\u00bb text_font=\u00bb|300|||||||\u00bb text_font_size=\u00bb18px\u00bb link_text_color=\u00bb#bfac01&#8243; ul_line_height=\u00bb1.5em\u00bb ol_line_height=\u00bb1.5em\u00bb header_2_font=\u00bb|800|||||||\u00bb custom_margin=\u00bb||57px|||\u00bb global_colors_info=\u00bb{}\u00bb]<\/p>\n<h3>1. Data of the person responsible for the treatment<\/h3>\n<p>&nbsp;<\/p>\n<p><strong>Company Name:<\/strong> IOTHING SL<\/p>\n<p><strong>NIF:<\/strong> B-55417919<\/p>\n<p><strong>Home:<\/strong> La Puebla Street No. 1 BURGOS 09001<\/p>\n<p><strong>E-mail:<\/strong> diego.moreno@iothing.es<\/p>\n<p><strong>Web page: <\/strong><a href=\"https:\/\/iothing.es\/en\/\">IOTHING.ES<\/a><\/p>\n<p>&nbsp;<\/p>\n<h3>2. Applicable regulations<\/h3>\n<p>&nbsp;<\/p>\n<p>Our Privacy Policy has been designed in accordance with the EU General Data Protection Regulation 2016\/679 of the European Parliament and of the Council of 27 April 2016 on the protection of natural persons with regard to the processing of personal data and on the free movement of such data, and repealing Directive 95\/46\/EC (General Data Protection Regulation), with Organic Law 3\/2018 of 5 December on the Protection of Personal Data and the Guarantee of Digital Rights, and its implementing regulations.<\/p>\n<p>The entity may modify this privacy policy to adapt it to new legislation, jurisprudence or interpretation by the Spanish Data Protection Agency. These privacy conditions may be supplemented by the Legal Notice, Cookies Policy and General Conditions that, where applicable, are included for the sale of certain products or services, if such access involves any speciality in terms of personal data protection.<\/p>\n<p>&nbsp;<\/p>\n<h3>3. Purpose of processing personal data<\/h3>\n<p>&nbsp;<\/p>\n<p>The processing of your personal data responds to the following purposes:<\/p>\n<p>&nbsp;<\/p>\n<ol>\n<li>Manage your requests through the contact form.<\/li>\n<li>Manage a pre-contractual relationship through a quote previously requested by you.<\/li>\n<\/ol>\n<p>&nbsp;<\/p>\n<p>&nbsp;<\/p>\n<h3>4. Legitimacy to process the data collected<\/h3>\n<p>&nbsp;<\/p>\n<ol>\n<li>Contact form: The legitimacy for the processing of your data is your express consent at the time of providing us with the information, expressed by checking the corresponding acceptance box.<\/li>\n<li>Budget: The legitimacy for the processing of your data is your request for pre-contractual measures prior to a service provision contract.<\/li>\n<\/ol>\n<p>&nbsp;<\/p>\n<h3>5. How long will we keep your data?<\/h3>\n<p>&nbsp;<\/p>\n<ol>\n<li>Contact form: We will retain your personal data from the time you give us your consent until you revoke it or request restriction of processing. In such cases, we will keep your data blocked for the legally required periods.<\/li>\n<li>Sending commercial communications: We will retain your personal data for this processing as long as you do not object to it (if you are already a customer) or withdraw your consent for this sending.<\/li>\n<\/ol>\n<p>Budget: We will retain your personal data for as long as necessary to comply with legal obligations.<\/p>\n<h3><\/h3>\n<h3><\/h3>\n<h3>6. Assignments<\/h3>\n<p>&nbsp;<\/p>\n<p>Your data will not be transferred, except:<\/p>\n<p>&nbsp;<\/p>\n<p>\u2013 Compliance with legal obligations.<\/p>\n<p>&nbsp;<\/p>\n<h3>7. Security measures<\/h3>\n<p>&nbsp;<\/p>\n<p>As part of our commitment to guarantee the security and confidentiality of your personal data, we inform you that the necessary technical and organisational measures have been adopted to guarantee the security of your personal data and prevent its alteration, loss, processing or unauthorised access, taking into account the state of the technology, the nature of the data stored and the risks to which they are exposed. Notwithstanding the foregoing, the user must be aware that Internet security measures are not impregnable.<\/p>\n<p>You can obtain more information about the security measures we apply by contacting us through the channels indicated at the beginning of this Privacy Policy in the section identifying the Data Controller.<\/p>\n<p>&nbsp;<\/p>\n<h3>8. Rights of the Interested Party<\/h3>\n<p>&nbsp;<\/p>\n<p>The interested party has the following rights regarding the processing of his\/her personal data, and may exercise them by contacting the Data Controller:<\/p>\n<p>&nbsp;<\/p>\n<ul>\n<li>If the legal basis for your processing is consent, you have the right to withdraw it at any time, without this affecting the processing prior to its withdrawal.<\/li>\n<li>Right to request access to your personal data.<\/li>\n<li>Right to request rectification if they are inaccurate, or to request their deletion (for example, if you consider that they are no longer necessary for the purposes for which they were collected).<\/li>\n<li>Right to request limitation of processing, provided that any of the conditions provided for in the regulations are met, in which case we will only retain them for the exercise or defence of claims.<\/li>\n<li>Right to object to processing, in which case we will stop processing your data for that purpose, except for compelling legitimate reasons, or the exercise or defense of possible claims.<\/li>\n<li>Right to data portability.<\/li>\n<li>Right to lodge a complaint with the Spanish Data Protection Agency (the competent Data Protection supervisory authority), especially when you have not obtained satisfaction in the exercise of your rights: <a href=\"https:\/\/www.aepd.es\/\">www.aepd.es<\/a><\/li>\n<\/ul>\n<p>[\/et_pb_text][et_pb_text _builder_version=\u00bb4.27.2\u2033 _module_preset=\u00bbdefault\u00bb text_font_size=\u00bb12px\u00bb global_colors_info=\u00bb{}\u00bb]<\/p>\n<p>Copyright 2024. IOTHING. SL All rights reserved and registered. Reproduction in whole or in part is prohibited.<\/p>\n<p>[\/et_pb_text][\/et_pb_column][\/et_pb_row][\/et_pb_section]<\/p>","protected":false},"excerpt":{"rendered":"<p>Pol\u00edtica de Privacidad1.\u00a0 Datos del responsable del tratamiento &nbsp; Raz\u00f3n Social: IOTHING S.L. NIF: B-55417919 Domicilio: calle La Puebla n\u00ba 1 BURGOS 09001 Email: diego.moreno@iothing.es P\u00e1gina web: IOTHING.ES &nbsp; 2.\u00a0 Normativa aplicable &nbsp; Nuestra Pol\u00edtica de Privacidad se ha dise\u00f1ado de acuerdo con el Reglamento General de Protecci\u00f3n de Datos de la UE 2016\/679 del [&hellip;]<\/p>","protected":false},"author":4,"featured_media":0,"parent":0,"menu_order":0,"comment_status":"closed","ping_status":"closed","template":"","meta":{"_et_pb_use_builder":"on","_et_pb_old_content":"","_et_gb_content_width":"","inline_featured_image":false,"footnotes":""},"class_list":["post-1088","page","type-page","status-publish","hentry"],"yoast_head":"<!-- This site is optimized with the Yoast SEO plugin v24.6 - https:\/\/yoast.com\/wordpress\/plugins\/seo\/ -->\n<title>Pol\u00edtica de Privacidad - IOTHING<\/title>\n<meta name=\"robots\" content=\"index, follow, max-snippet:-1, max-image-preview:large, max-video-preview:-1\" \/>\n<link rel=\"canonical\" href=\"https:\/\/iothing.es\/en\/politica-de-privacidad\/\" \/>\n<meta property=\"og:locale\" content=\"en_GB\" \/>\n<meta property=\"og:type\" content=\"article\" \/>\n<meta property=\"og:title\" content=\"Pol\u00edtica de Privacidad - IOTHING\" \/>\n<meta property=\"og:url\" content=\"https:\/\/iothing.es\/en\/politica-de-privacidad\/\" \/>\n<meta property=\"og:site_name\" content=\"IOTHING\" \/>\n<meta property=\"article:modified_time\" content=\"2024-11-05T10:08:53+00:00\" \/>\n<meta property=\"og:image\" content=\"https:\/\/iothing.es\/wp-content\/uploads\/2024\/09\/quote-home-tn.jpg\" \/>\n\t<meta property=\"og:image:width\" content=\"1414\" \/>\n\t<meta property=\"og:image:height\" content=\"990\" \/>\n\t<meta property=\"og:image:type\" content=\"image\/jpeg\" \/>\n<meta name=\"twitter:card\" content=\"summary_large_image\" \/>\n<script type=\"application\/ld+json\" class=\"yoast-schema-graph\">{\"@context\":\"https:\/\/schema.org\",\"@graph\":[{\"@type\":\"WebPage\",\"@id\":\"https:\/\/iothing.es\/politica-de-privacidad\/\",\"url\":\"https:\/\/iothing.es\/politica-de-privacidad\/\",\"name\":\"Pol\u00edtica de Privacidad - IOTHING\",\"isPartOf\":{\"@id\":\"https:\/\/iothing.es\/#website\"},\"datePublished\":\"2024-11-05T09:51:45+00:00\",\"dateModified\":\"2024-11-05T10:08:53+00:00\",\"breadcrumb\":{\"@id\":\"https:\/\/iothing.es\/politica-de-privacidad\/#breadcrumb\"},\"inLanguage\":\"en-GB\",\"potentialAction\":[{\"@type\":\"ReadAction\",\"target\":[\"https:\/\/iothing.es\/politica-de-privacidad\/\"]}]},{\"@type\":\"BreadcrumbList\",\"@id\":\"https:\/\/iothing.es\/politica-de-privacidad\/#breadcrumb\",\"itemListElement\":[{\"@type\":\"ListItem\",\"position\":1,\"name\":\"Portada\",\"item\":\"https:\/\/iothing.es\/\"},{\"@type\":\"ListItem\",\"position\":2,\"name\":\"Pol\u00edtica de Privacidad\"}]},{\"@type\":\"WebSite\",\"@id\":\"https:\/\/iothing.es\/#website\",\"url\":\"https:\/\/iothing.es\/\",\"name\":\"IOTHING\",\"description\":\"The lab of the smart connected devices\",\"publisher\":{\"@id\":\"https:\/\/iothing.es\/#organization\"},\"potentialAction\":[{\"@type\":\"SearchAction\",\"target\":{\"@type\":\"EntryPoint\",\"urlTemplate\":\"https:\/\/iothing.es\/?s={search_term_string}\"},\"query-input\":{\"@type\":\"PropertyValueSpecification\",\"valueRequired\":true,\"valueName\":\"search_term_string\"}}],\"inLanguage\":\"en-GB\"},{\"@type\":\"Organization\",\"@id\":\"https:\/\/iothing.es\/#organization\",\"name\":\"IOTHING\",\"url\":\"https:\/\/iothing.es\/\",\"logo\":{\"@type\":\"ImageObject\",\"inLanguage\":\"en-GB\",\"@id\":\"https:\/\/iothing.es\/#\/schema\/logo\/image\/\",\"url\":\"https:\/\/iothing.es\/wp-content\/uploads\/2024\/09\/logo-IOTHING.svg\",\"contentUrl\":\"https:\/\/iothing.es\/wp-content\/uploads\/2024\/09\/logo-IOTHING.svg\",\"width\":\"1200\",\"height\":\"1200\",\"caption\":\"IOTHING\"},\"image\":{\"@id\":\"https:\/\/iothing.es\/#\/schema\/logo\/image\/\"},\"sameAs\":[\"https:\/\/www.linkedin.com\/company\/iothing\"]}]}<\/script>\n<!-- \/ Yoast SEO plugin. -->","yoast_head_json":{"title":"Pol\u00edtica de Privacidad - IOTHING","robots":{"index":"index","follow":"follow","max-snippet":"max-snippet:-1","max-image-preview":"max-image-preview:large","max-video-preview":"max-video-preview:-1"},"canonical":"https:\/\/iothing.es\/en\/politica-de-privacidad\/","og_locale":"en_GB","og_type":"article","og_title":"Pol\u00edtica de Privacidad - IOTHING","og_url":"https:\/\/iothing.es\/en\/politica-de-privacidad\/","og_site_name":"IOTHING","article_modified_time":"2024-11-05T10:08:53+00:00","og_image":[{"width":1414,"height":990,"url":"https:\/\/iothing.es\/wp-content\/uploads\/2024\/09\/quote-home-tn.jpg","type":"image\/jpeg"}],"twitter_card":"summary_large_image","schema":{"@context":"https:\/\/schema.org","@graph":[{"@type":"WebPage","@id":"https:\/\/iothing.es\/politica-de-privacidad\/","url":"https:\/\/iothing.es\/politica-de-privacidad\/","name":"Pol\u00edtica de Privacidad - IOTHING","isPartOf":{"@id":"https:\/\/iothing.es\/#website"},"datePublished":"2024-11-05T09:51:45+00:00","dateModified":"2024-11-05T10:08:53+00:00","breadcrumb":{"@id":"https:\/\/iothing.es\/politica-de-privacidad\/#breadcrumb"},"inLanguage":"en-GB","potentialAction":[{"@type":"ReadAction","target":["https:\/\/iothing.es\/politica-de-privacidad\/"]}]},{"@type":"BreadcrumbList","@id":"https:\/\/iothing.es\/politica-de-privacidad\/#breadcrumb","itemListElement":[{"@type":"ListItem","position":1,"name":"Portada","item":"https:\/\/iothing.es\/"},{"@type":"ListItem","position":2,"name":"Pol\u00edtica de Privacidad"}]},{"@type":"WebSite","@id":"https:\/\/iothing.es\/#website","url":"https:\/\/iothing.es\/","name":"IOTHING","description":"The lab of the smart connected devices","publisher":{"@id":"https:\/\/iothing.es\/#organization"},"potentialAction":[{"@type":"SearchAction","target":{"@type":"EntryPoint","urlTemplate":"https:\/\/iothing.es\/?s={search_term_string}"},"query-input":{"@type":"PropertyValueSpecification","valueRequired":true,"valueName":"search_term_string"}}],"inLanguage":"en-GB"},{"@type":"Organization","@id":"https:\/\/iothing.es\/#organization","name":"IOTHING","url":"https:\/\/iothing.es\/","logo":{"@type":"ImageObject","inLanguage":"en-GB","@id":"https:\/\/iothing.es\/#\/schema\/logo\/image\/","url":"https:\/\/iothing.es\/wp-content\/uploads\/2024\/09\/logo-IOTHING.svg","contentUrl":"https:\/\/iothing.es\/wp-content\/uploads\/2024\/09\/logo-IOTHING.svg","width":"1200","height":"1200","caption":"IOTHING"},"image":{"@id":"https:\/\/iothing.es\/#\/schema\/logo\/image\/"},"sameAs":["https:\/\/www.linkedin.com\/company\/iothing"]}]}},"_links":{"self":[{"href":"https:\/\/iothing.es\/en\/wp-json\/wp\/v2\/pages\/1088","targetHints":{"allow":["GET"]}}],"collection":[{"href":"https:\/\/iothing.es\/en\/wp-json\/wp\/v2\/pages"}],"about":[{"href":"https:\/\/iothing.es\/en\/wp-json\/wp\/v2\/types\/page"}],"author":[{"embeddable":true,"href":"https:\/\/iothing.es\/en\/wp-json\/wp\/v2\/users\/4"}],"replies":[{"embeddable":true,"href":"https:\/\/iothing.es\/en\/wp-json\/wp\/v2\/comments?post=1088"}],"version-history":[{"count":4,"href":"https:\/\/iothing.es\/en\/wp-json\/wp\/v2\/pages\/1088\/revisions"}],"predecessor-version":[{"id":1094,"href":"https:\/\/iothing.es\/en\/wp-json\/wp\/v2\/pages\/1088\/revisions\/1094"}],"wp:attachment":[{"href":"https:\/\/iothing.es\/en\/wp-json\/wp\/v2\/media?parent=1088"}],"curies":[{"name":"wp","href":"https:\/\/api.w.org\/{rel}","templated":true}]}}