{"id":233,"date":"2024-10-01T12:14:34","date_gmt":"2024-10-01T10:14:34","guid":{"rendered":"https:\/\/iothing.es\/?page_id=233"},"modified":"2024-11-22T12:15:25","modified_gmt":"2024-11-22T11:15:25","slug":"productos","status":"publish","type":"page","link":"https:\/\/iothing.es\/en\/productos\/","title":{"rendered":"Products"},"content":{"rendered":"<p>[et_pb_section fb_built=\u00bb1&#8243; _builder_version=\u00bb4.27.0&#8243; _module_preset=\u00bbdefault\u00bb background_color=\u00bbrgba(0,0,0,0.68)\u00bb background_image=\u00bbhttps:\/\/iothing.es\/wp-content\/uploads\/2024\/10\/bg-productos.webp\u00bb background_blend=\u00bbhue\u00bb custom_padding=\u00bb104px||106px||false|false\u00bb da_disable_devices=\u00bboff|off|off\u00bb global_colors_info=\u00bb{}\u00bb da_is_popup=\u00bboff\u00bb da_exit_intent=\u00bboff\u00bb da_has_close=\u00bbon\u00bb da_alt_close=\u00bboff\u00bb da_dark_close=\u00bboff\u00bb da_not_modal=\u00bbon\u00bb da_is_singular=\u00bboff\u00bb da_with_loader=\u00bboff\u00bb da_has_shadow=\u00bbon\u00bb][et_pb_row _builder_version=\u00bb4.27.0&#8243; _module_preset=\u00bbdefault\u00bb width=\u00bb90%\u00bb max_width=\u00bb1300px\u00bb global_colors_info=\u00bb{}\u00bb][et_pb_column type=\u00bb4_4&#8243; _builder_version=\u00bb4.27.0&#8243; _module_preset=\u00bbdefault\u00bb global_colors_info=\u00bb{}\u00bb][et_pb_text _builder_version=\u00bb4.27.2&#8243; _module_preset=\u00bbdefault\u00bb text_text_color=\u00bb#FFFFFF\u00bb header_font=\u00bb|800|||||||\u00bb header_text_color=\u00bb#FFD402&#8243; header_font_size=\u00bb56px\u00bb header_2_font=\u00bb|700|||||||\u00bb header_2_text_color=\u00bb#FFFFFF\u00bb header_2_font_size=\u00bb59px\u00bb header_2_letter_spacing=\u00bb1px\u00bb custom_margin=\u00bb||0px||false|false\u00bb hover_enabled=\u00bb0&#8243; global_colors_info=\u00bb{}\u00bb header_2_font_size_last_edited=\u00bbon|phone\u00bb sticky_enabled=\u00bb0&#8243; header_2_font_size_phone=\u00bb48px\u00bb header_2_font_size_tablet=\u00bb59px\u00bb]<\/p>\n<h2>Welcome<\/h2>\n<p>[\/et_pb_text][et_pb_text _builder_version=\u00bb4.27.2&#8243; _module_preset=\u00bbdefault\u00bb header_font=\u00bb|800|||||||\u00bb header_text_color=\u00bb#FFD402&#8243; header_font_size=\u00bb44px\u00bb custom_margin=\u00bb||0px||false|false\u00bb hover_enabled=\u00bb0&#8243; global_colors_info=\u00bb{}\u00bb header_font_size_last_edited=\u00bbon|phone\u00bb header_font_size_phone=\u00bb27px\u00bb sticky_enabled=\u00bb0&#8243; header_font_size_tablet=\u00bb44px\u00bb]<\/p>\n<h1>to the democratization of digitalization<\/h1>\n<p>[\/et_pb_text][et_pb_text content_tablet=\u00bbEn IOThing, somos tu compa\u00f1ero de viaje, <strong>guiding you every step towards innovation and technological growth of your company.<\/strong>\u00bb content_phone=\u00bbEn IOThing, somos tu compa\u00f1ero de viaje, <strong>guiding you every step towards innovation and technological growth of your company.<\/strong>\u00bb content_last_edited=\u00bbon|tablet\u00bb _builder_version=\u00bb4.27.0&#8243; _module_preset=\u00bbdefault\u00bb text_font=\u00bb|300|||||||\u00bb text_text_color=\u00bb#FFFFFF\u00bb text_font_size=\u00bb26px\u00bb text_letter_spacing=\u00bb-1px\u00bb text_line_height=\u00bb1.4em\u00bb global_colors_info=\u00bb{}\u00bb]<\/p>\n<p>We optimize your processes with <strong>efficient and customized solutions<\/strong>.<\/p>\n<p>[\/et_pb_text][\/et_pb_column][\/et_pb_row][\/et_pb_section][et_pb_section fb_built=\u00bb1&#8243; _builder_version=\u00bb4.27.0&#8243; _module_preset=\u00bbdefault\u00bb background_color=\u00bbrgba(255,255,255,0.96)\u00bb background_image=\u00bbhttps:\/\/iothing.es\/wp-content\/uploads\/2024\/10\/sensor.svg\u00bb background_size=\u00bbcustom\u00bb background_image_width=\u00bb33%\u00bb background_position=\u00bbcenter_left\u00bb background_horizontal_offset=\u00bb-8%\u00bb background_blend=\u00bbcolor\u00bb da_disable_devices=\u00bboff|off|off\u00bb global_colors_info=\u00bb{}\u00bb da_is_popup=\u00bboff\u00bb da_exit_intent=\u00bboff\u00bb da_has_close=\u00bbon\u00bb da_alt_close=\u00bboff\u00bb da_dark_close=\u00bboff\u00bb da_not_modal=\u00bbon\u00bb da_is_singular=\u00bboff\u00bb da_with_loader=\u00bboff\u00bb da_has_shadow=\u00bbon\u00bb][et_pb_row column_structure=\u00bb1_2,1_2&#8243; _builder_version=\u00bb4.27.0&#8243; _module_preset=\u00bbdefault\u00bb width=\u00bb90%\u00bb max_width=\u00bb1300px\u00bb global_colors_info=\u00bb{}\u00bb][et_pb_column type=\u00bb1_2&#8243; _builder_version=\u00bb4.27.0&#8243; _module_preset=\u00bbdefault\u00bb global_colors_info=\u00bb{}\u00bb][et_pb_text _builder_version=\u00bb4.27.2&#8243; _module_preset=\u00bbdefault\u00bb text_font=\u00bb|300|||||||\u00bb text_text_color=\u00bb#000000&#8243; text_font_size=\u00bb40px\u00bb text_line_height=\u00bb1.5em\u00bb header_3_font=\u00bb|300|||||||\u00bb header_3_font_size=\u00bb40px\u00bb header_3_line_height=\u00bb1.1em\u00bb background_color=\u00bb#FFD402&#8243; text_orientation=\u00bbcenter\u00bb custom_padding=\u00bb24px|30px|24px|30px|true|true\u00bb hover_enabled=\u00bb0&#8243; border_radii=\u00bbon|13px|13px|13px|13px\u00bb global_colors_info=\u00bb{}\u00bb sticky_enabled=\u00bb0&#8243;]<\/p>\n<h3 style=\"text-align: left;\">CAN <strong>CONNECT EVERYTHING<\/strong><br \/>WHICH <strong>YOU NEED TO MEASURE:<\/strong><\/h3>\n<p>[\/et_pb_text][\/et_pb_column][et_pb_column type=\u00bb1_2&#8243; _builder_version=\u00bb4.27.0&#8243; _module_preset=\u00bbdefault\u00bb global_colors_info=\u00bb{}\u00bb][\/et_pb_column][\/et_pb_row][et_pb_row _builder_version=\u00bb4.27.0&#8243; _module_preset=\u00bbdefault\u00bb width=\u00bb90%\u00bb max_width=\u00bb1300px\u00bb global_colors_info=\u00bb{}\u00bb][et_pb_column type=\u00bb4_4&#8243; _builder_version=\u00bb4.27.0&#8243; _module_preset=\u00bbdefault\u00bb global_colors_info=\u00bb{}\u00bb][et_pb_text _builder_version=\u00bb4.27.2&#8243; _module_preset=\u00bbdefault\u00bb text_font=\u00bb&#8211;et_global_heading_font|300|||||||\u00bb text_text_color=\u00bb#000000&#8243; text_font_size=\u00bb36px\u00bb hover_enabled=\u00bb0&#8243; global_colors_info=\u00bb{}\u00bb text_line_height=\u00bb1em\u00bb sticky_enabled=\u00bb0&#8243;]<\/p>\n<p>We created the <strong>products and sensors<\/strong> that drive your digitalization<\/p>\n<p>[\/et_pb_text][et_pb_text _builder_version=\u00bb4.27.0&#8243; _module_preset=\u00bbdefault\u00bb text_font=\u00bb&#8211;et_global_heading_font||||||||\u00bb text_text_color=\u00bb#000000&#8243; text_font_size=\u00bb19px\u00bb text_line_height=\u00bb1.5em\u00bb global_colors_info=\u00bb{}\u00bb]<\/p>\n<p>On IoThing <strong>We develop connectivity solutions<\/strong> tailored to your needs, to facilitate digitisation without complications. In this way, we optimise your processes with efficient and personalised solutions.<\/p>\n<p>[\/et_pb_text][et_pb_button button_url=\u00bbhttps:\/\/iothing.es\/contacto\/\u00bb button_text=\u00bbsolicita m\u00e1s informaci\u00f3n\u00bb _builder_version=\u00bb4.27.2&#8243; _module_preset=\u00bb3c20465c-e068-4c0d-b661-d2a5850dbfe7&#8243; global_colors_info=\u00bb{}\u00bb][\/et_pb_button][\/et_pb_column][\/et_pb_row][\/et_pb_section][et_pb_section fb_built=\u00bb1&#8243; _builder_version=\u00bb4.27.0&#8243; _module_preset=\u00bbdefault\u00bb da_disable_devices=\u00bboff|off|off\u00bb global_colors_info=\u00bb{}\u00bb da_is_popup=\u00bboff\u00bb da_exit_intent=\u00bboff\u00bb da_has_close=\u00bbon\u00bb da_alt_close=\u00bboff\u00bb da_dark_close=\u00bboff\u00bb da_not_modal=\u00bbon\u00bb da_is_singular=\u00bboff\u00bb da_with_loader=\u00bboff\u00bb da_has_shadow=\u00bbon\u00bb][et_pb_row _builder_version=\u00bb4.27.0&#8243; _module_preset=\u00bbdefault\u00bb width=\u00bb90%\u00bb max_width=\u00bb1300px\u00bb global_colors_info=\u00bb{}\u00bb][et_pb_column type=\u00bb4_4&#8243; _builder_version=\u00bb4.27.0&#8243; _module_preset=\u00bbdefault\u00bb global_colors_info=\u00bb{}\u00bb][et_pb_text _builder_version=\u00bb4.27.2&#8243; _module_preset=\u00bbdefault\u00bb header_2_font=\u00bb|300|||||||\u00bb header_2_font_size=\u00bb35px\u00bb header_2_line_height=\u00bb1.1em\u00bb hover_enabled=\u00bb0&#8243; global_colors_info=\u00bb{}\u00bb sticky_enabled=\u00bb0&#8243;]<\/p>\n<h2>A TRAV\u00c9S DE NUESTROS PRODUCTOS <strong>WE CAN OFFER A COMPLETE SOLUTION<\/strong> OF CONNECTIVITY<\/h2>\n<p>[\/et_pb_text][\/et_pb_column][\/et_pb_row][et_pb_row column_structure=\u00bb3_5,2_5&#8243; make_equal=\u00bbon\u00bb _builder_version=\u00bb4.27.2&#8243; _module_preset=\u00bbdefault\u00bb background_color=\u00bb#000000&#8243; width=\u00bb90%\u00bb max_width=\u00bb1300px\u00bb custom_padding=\u00bb||52px|21px|false|false\u00bb hover_enabled=\u00bb0&#8243; border_radii=\u00bbon|20px|20px|20px|20px\u00bb global_colors_info=\u00bb{}\u00bb sticky_enabled=\u00bb0&#8243; title_text=\u00bbpatronnegro-tn 1&#8243; background_enable_image=\u00bboff\u00bb background_blend=\u00bbdifference\u00bb][et_pb_column type=\u00bb3_5&#8243; _builder_version=\u00bb4.27.2&#8243; _module_preset=\u00bbdefault\u00bb custom_css_free_form=\u00bbselector {||  z-index: 9;||}\u00bb global_colors_info=\u00bb{}\u00bb][et_pb_accordion toggle_icon=\u00bb&#x33;||divi||400&#8243; icon_color=\u00bb#FFFFFF\u00bb use_icon_font_size=\u00bbon\u00bb icon_font_size=\u00bb64px\u00bb _builder_version=\u00bb4.27.2&#8243; _module_preset=\u00bbdefault\u00bb toggle_font=\u00bb|700|||||||\u00bb toggle_font_size=\u00bb35px\u00bb hover_enabled=\u00bb0&#8243; custom_css_free_form=\u00bbselector .et_pb_accordion_item.et_pb_toggle_open .et_pb_toggle_title:before {||\tdisplay: block;||\tcontent: %22%92e04f%22;||  transform: rotate(180deg);||}\u00bb global_colors_info=\u00bb{}\u00bb toggle_font_size_last_edited=\u00bbon|phone\u00bb toggle_font_size_phone=\u00bb31px\u00bb sticky_enabled=\u00bb0&#8243; toggle_font_size_tablet=\u00bb35px\u00bb][et_pb_accordion_item title=\u00bbSu t\u00edtulo va aqu\u00ed\u00bb _builder_version=\u00bb4.27.2&#8243; _module_preset=\u00bbdefault\u00bb custom_css_free_form=\u00bbselector {||  display: none;||}\u00bb global_colors_info=\u00bb{}\u00bb open=\u00bbon\u00bb]<\/p>\n<p>Your content goes here. Edit or remove this text inline or in the module Content settings. You can also style every aspect of this content in the Design settings module and even apply custom CSS to this text in the Advanced settings module.<\/p>\n<p>[\/et_pb_accordion_item][et_pb_accordion_item title=\u00bbSensores\u00bb open=\u00bboff\u00bb open_toggle_text_color=\u00bb#FFD402&#8243; closed_toggle_text_color=\u00bb#FFFFFF\u00bb _builder_version=\u00bb4.27.2&#8243; _module_preset=\u00bbdefault\u00bb body_text_color=\u00bb#FFFFFF\u00bb body_font_size=\u00bb16px\u00bb background_color=\u00bbRGBA(255,255,255,0)\u00bb background_enable_color=\u00bbon\u00bb border_width_all=\u00bb0px\u00bb border_width_bottom=\u00bb1px\u00bb global_colors_info=\u00bb{}\u00bb toggle_text_color=\u00bb#FFFFFF\u00bb]Sensores personalizados que <strong>adapt to the unique needs of each client<\/strong>.<\/p>\n<p><a href=\"https:\/\/iothing.es\/en\/productos\/sensores-personalizados\/\"><span style=\"color: #000; background-color: #ffd400; border-radius: 5px; padding: 8px 45px 8px 45px;\">LEARN MORE<\/span><\/a>[\/et_pb_accordion_item][et_pb_accordion_item title=\u00bbPlataforma cloud\u00bb open_toggle_text_color=\u00bb#FFD402&#8243; closed_toggle_text_color=\u00bb#FFFFFF\u00bb _builder_version=\u00bb4.27.2&#8243; _module_preset=\u00bbdefault\u00bb body_text_color=\u00bb#FFFFFF\u00bb body_font_size=\u00bb16px\u00bb background_color=\u00bbRGBA(255,255,255,0)\u00bb background_enable_color=\u00bbon\u00bb border_width_all=\u00bb0px\u00bb border_width_bottom=\u00bb1px\u00bb global_colors_info=\u00bb{}\u00bb toggle_text_color=\u00bb#FFFFFF\u00bb open=\u00bboff\u00bb]Soporte <strong>of digitalization and optimization of companies<\/strong>.<\/p>\n<p><a href=\"https:\/\/iothing.es\/en\/productos\/plataforma-cloud\/\"><span style=\"color: #000; background-color: #ffd400; border-radius: 5px; padding: 8px 45px 8px 45px;\">LEARN MORE<\/span><\/a>[\/et_pb_accordion_item][et_pb_accordion_item title=\u00bbMan\u00f3metro\u00bb open_toggle_text_color=\u00bb#FFD402&#8243; closed_toggle_text_color=\u00bb#FFFFFF\u00bb _builder_version=\u00bb4.27.2&#8243; _module_preset=\u00bbdefault\u00bb body_text_color=\u00bb#FFFFFF\u00bb body_font_size=\u00bb16px\u00bb background_color=\u00bbRGBA(255,255,255,0)\u00bb background_enable_color=\u00bbon\u00bb border_width_all=\u00bb0px\u00bb border_width_bottom=\u00bb1px\u00bb global_colors_info=\u00bb{}\u00bb toggle_text_color=\u00bb#FFFFFF\u00bb open=\u00bboff\u00bb]Una soluci\u00f3n avanzada para la<strong> monitoring and control of industrial systems.\u00a0<\/strong><\/p>\n<p><a href=\"https:\/\/iothing.es\/en\/productos\/manometro-inteligente\/\"><span style=\"color: #000; background-color: #ffd400; border-radius: 5px; padding: 8px 45px 8px 45px;\">LEARN MORE<\/span><\/a>[\/et_pb_accordion_item][et_pb_accordion_item title=\u00bbPasarela\u00bb open_toggle_text_color=\u00bb#FFD402&#8243; closed_toggle_text_color=\u00bb#FFFFFF\u00bb _builder_version=\u00bb4.27.2&#8243; _module_preset=\u00bbdefault\u00bb body_text_color=\u00bb#FFFFFF\u00bb body_font_size=\u00bb16px\u00bb background_color=\u00bbRGBA(255,255,255,0)\u00bb background_enable_color=\u00bbon\u00bb border_width_all=\u00bb0px\u00bb border_width_bottom=\u00bb1px\u00bb global_colors_info=\u00bb{}\u00bb toggle_text_color=\u00bb#FFFFFF\u00bb open=\u00bboff\u00bb]<strong>Simplify data capture and management<\/strong> from a wide variety of sensors.<\/p>\n<p><a href=\"https:\/\/iothing.es\/en\/productos\/pasarela-plc-no-code\/\"><span style=\"color: #000; background-color: #ffd400; border-radius: 5px; padding: 8px 45px 8px 45px;\">LEARN MORE<\/span><\/a>[\/et_pb_accordion_item][\/et_pb_accordion][\/et_pb_column][et_pb_column type=\u00bb2_5&#8243; _builder_version=\u00bb4.27.2&#8243; _module_preset=\u00bbdefault\u00bb z_index=\u00bb0&#8243; custom_css_main_element=\u00bbmargin-top: auto;\u00bb global_colors_info=\u00bb{}\u00bb][et_pb_image src=\u00bbhttps:\/\/iothing.es\/wp-content\/uploads\/2024\/10\/patron-blanco.svg\u00bb title_text=\u00bbpatron blanco\u00bb force_fullwidth=\u00bbon\u00bb _builder_version=\u00bb4.27.2&#8243; _module_preset=\u00bbdefault\u00bb transform_scale=\u00bb300%|300%\u00bb transform_translate=\u00bb90px|90px\u00bb custom_margin=\u00bb||||false|false\u00bb filter_opacity=\u00bb50%\u00bb hover_enabled=\u00bb0&#8243; custom_css_free_form=\u00bbselector {||  pointer-event: none;||}\u00bb global_colors_info=\u00bb{}\u00bb transform_styles_last_edited=\u00bbon|phone\u00bb transform_scale_last_edited=\u00bbon|phone\u00bb transform_translate_last_edited=\u00bbon|phone\u00bb transform_rotate_last_edited=\u00bbon|phone\u00bb transform_skew_last_edited=\u00bbon|phone\u00bb transform_origin_last_edited=\u00bbon|phone\u00bb sticky_enabled=\u00bb0&#8243; disabled_on=\u00bbon|on|off\u00bb transform_scale_tablet=\u00bb300%|300%\u00bb transform_scale_phone=\u00bb300%|300%\u00bb transform_translate_tablet=\u00bb90px|90px\u00bb transform_translate_phone=\u00bb90px|90px\u00bb][\/et_pb_image][\/et_pb_column][\/et_pb_row][\/et_pb_section]<\/p>","protected":false},"excerpt":{"rendered":"<p>Bienvenidoa la democratizaci\u00f3n de la digitalizaci\u00f3nOptimizamos tus procesos con soluciones eficientes y personalizadas.PODEMOS CONECTAR TODOLO QUE NECESITAS MEDIR:Creamos los productos y sensores que impulsan tu digitalizaci\u00f3nEn IOThing desarrollamos soluciones de conectividad a medida, adaptado a tus necesidades, para facilitar la digitalizaci\u00f3n sin complicaciones. As\u00ed, optimizamos tus procesos con soluciones eficientes y personalizadas.A TRAV\u00c9S DE NUESTROS [&hellip;]<\/p>","protected":false},"author":4,"featured_media":0,"parent":0,"menu_order":0,"comment_status":"closed","ping_status":"closed","template":"","meta":{"_et_pb_use_builder":"on","_et_pb_old_content":"","_et_gb_content_width":"","inline_featured_image":false,"footnotes":""},"class_list":["post-233","page","type-page","status-publish","hentry"],"yoast_head":"<!-- This site is optimized with the Yoast SEO plugin v24.6 - https:\/\/yoast.com\/wordpress\/plugins\/seo\/ -->\n<title>Productos - IOTHING<\/title>\n<meta name=\"robots\" content=\"index, follow, max-snippet:-1, max-image-preview:large, max-video-preview:-1\" \/>\n<link rel=\"canonical\" href=\"https:\/\/iothing.es\/en\/productos\/\" \/>\n<meta property=\"og:locale\" content=\"en_GB\" \/>\n<meta property=\"og:type\" content=\"article\" \/>\n<meta property=\"og:title\" content=\"Productos - IOTHING\" \/>\n<meta property=\"og:url\" content=\"https:\/\/iothing.es\/en\/productos\/\" \/>\n<meta property=\"og:site_name\" content=\"IOTHING\" \/>\n<meta property=\"article:modified_time\" content=\"2024-11-22T11:15:25+00:00\" \/>\n<meta property=\"og:image\" content=\"https:\/\/iothing.es\/wp-content\/uploads\/2024\/09\/quote-home-tn.jpg\" \/>\n\t<meta property=\"og:image:width\" content=\"1414\" \/>\n\t<meta property=\"og:image:height\" content=\"990\" \/>\n\t<meta property=\"og:image:type\" content=\"image\/jpeg\" \/>\n<meta name=\"twitter:card\" content=\"summary_large_image\" \/>\n<meta name=\"twitter:label1\" content=\"Estimated reading time\" \/>\n\t<meta name=\"twitter:data1\" content=\"8 minutes\" \/>\n<script type=\"application\/ld+json\" class=\"yoast-schema-graph\">{\"@context\":\"https:\/\/schema.org\",\"@graph\":[{\"@type\":\"WebPage\",\"@id\":\"https:\/\/iothing.es\/productos\/\",\"url\":\"https:\/\/iothing.es\/productos\/\",\"name\":\"Productos - IOTHING\",\"isPartOf\":{\"@id\":\"https:\/\/iothing.es\/#website\"},\"datePublished\":\"2024-10-01T10:14:34+00:00\",\"dateModified\":\"2024-11-22T11:15:25+00:00\",\"breadcrumb\":{\"@id\":\"https:\/\/iothing.es\/productos\/#breadcrumb\"},\"inLanguage\":\"en-GB\",\"potentialAction\":[{\"@type\":\"ReadAction\",\"target\":[\"https:\/\/iothing.es\/productos\/\"]}]},{\"@type\":\"BreadcrumbList\",\"@id\":\"https:\/\/iothing.es\/productos\/#breadcrumb\",\"itemListElement\":[{\"@type\":\"ListItem\",\"position\":1,\"name\":\"Portada\",\"item\":\"https:\/\/iothing.es\/\"},{\"@type\":\"ListItem\",\"position\":2,\"name\":\"Productos\"}]},{\"@type\":\"WebSite\",\"@id\":\"https:\/\/iothing.es\/#website\",\"url\":\"https:\/\/iothing.es\/\",\"name\":\"IOTHING\",\"description\":\"The lab of the smart connected devices\",\"publisher\":{\"@id\":\"https:\/\/iothing.es\/#organization\"},\"potentialAction\":[{\"@type\":\"SearchAction\",\"target\":{\"@type\":\"EntryPoint\",\"urlTemplate\":\"https:\/\/iothing.es\/?s={search_term_string}\"},\"query-input\":{\"@type\":\"PropertyValueSpecification\",\"valueRequired\":true,\"valueName\":\"search_term_string\"}}],\"inLanguage\":\"en-GB\"},{\"@type\":\"Organization\",\"@id\":\"https:\/\/iothing.es\/#organization\",\"name\":\"IOTHING\",\"url\":\"https:\/\/iothing.es\/\",\"logo\":{\"@type\":\"ImageObject\",\"inLanguage\":\"en-GB\",\"@id\":\"https:\/\/iothing.es\/#\/schema\/logo\/image\/\",\"url\":\"https:\/\/iothing.es\/wp-content\/uploads\/2024\/09\/logo-IOTHING.svg\",\"contentUrl\":\"https:\/\/iothing.es\/wp-content\/uploads\/2024\/09\/logo-IOTHING.svg\",\"width\":\"1200\",\"height\":\"1200\",\"caption\":\"IOTHING\"},\"image\":{\"@id\":\"https:\/\/iothing.es\/#\/schema\/logo\/image\/\"},\"sameAs\":[\"https:\/\/www.linkedin.com\/company\/iothing\"]}]}<\/script>\n<!-- \/ Yoast SEO plugin. -->","yoast_head_json":{"title":"Productos - IOTHING","robots":{"index":"index","follow":"follow","max-snippet":"max-snippet:-1","max-image-preview":"max-image-preview:large","max-video-preview":"max-video-preview:-1"},"canonical":"https:\/\/iothing.es\/en\/productos\/","og_locale":"en_GB","og_type":"article","og_title":"Productos - IOTHING","og_url":"https:\/\/iothing.es\/en\/productos\/","og_site_name":"IOTHING","article_modified_time":"2024-11-22T11:15:25+00:00","og_image":[{"width":1414,"height":990,"url":"https:\/\/iothing.es\/wp-content\/uploads\/2024\/09\/quote-home-tn.jpg","type":"image\/jpeg"}],"twitter_card":"summary_large_image","twitter_misc":{"Estimated reading time":"8 minutes"},"schema":{"@context":"https:\/\/schema.org","@graph":[{"@type":"WebPage","@id":"https:\/\/iothing.es\/productos\/","url":"https:\/\/iothing.es\/productos\/","name":"Productos - IOTHING","isPartOf":{"@id":"https:\/\/iothing.es\/#website"},"datePublished":"2024-10-01T10:14:34+00:00","dateModified":"2024-11-22T11:15:25+00:00","breadcrumb":{"@id":"https:\/\/iothing.es\/productos\/#breadcrumb"},"inLanguage":"en-GB","potentialAction":[{"@type":"ReadAction","target":["https:\/\/iothing.es\/productos\/"]}]},{"@type":"BreadcrumbList","@id":"https:\/\/iothing.es\/productos\/#breadcrumb","itemListElement":[{"@type":"ListItem","position":1,"name":"Portada","item":"https:\/\/iothing.es\/"},{"@type":"ListItem","position":2,"name":"Productos"}]},{"@type":"WebSite","@id":"https:\/\/iothing.es\/#website","url":"https:\/\/iothing.es\/","name":"IOTHING","description":"The lab of the smart connected devices","publisher":{"@id":"https:\/\/iothing.es\/#organization"},"potentialAction":[{"@type":"SearchAction","target":{"@type":"EntryPoint","urlTemplate":"https:\/\/iothing.es\/?s={search_term_string}"},"query-input":{"@type":"PropertyValueSpecification","valueRequired":true,"valueName":"search_term_string"}}],"inLanguage":"en-GB"},{"@type":"Organization","@id":"https:\/\/iothing.es\/#organization","name":"IOTHING","url":"https:\/\/iothing.es\/","logo":{"@type":"ImageObject","inLanguage":"en-GB","@id":"https:\/\/iothing.es\/#\/schema\/logo\/image\/","url":"https:\/\/iothing.es\/wp-content\/uploads\/2024\/09\/logo-IOTHING.svg","contentUrl":"https:\/\/iothing.es\/wp-content\/uploads\/2024\/09\/logo-IOTHING.svg","width":"1200","height":"1200","caption":"IOTHING"},"image":{"@id":"https:\/\/iothing.es\/#\/schema\/logo\/image\/"},"sameAs":["https:\/\/www.linkedin.com\/company\/iothing"]}]}},"_links":{"self":[{"href":"https:\/\/iothing.es\/en\/wp-json\/wp\/v2\/pages\/233","targetHints":{"allow":["GET"]}}],"collection":[{"href":"https:\/\/iothing.es\/en\/wp-json\/wp\/v2\/pages"}],"about":[{"href":"https:\/\/iothing.es\/en\/wp-json\/wp\/v2\/types\/page"}],"author":[{"embeddable":true,"href":"https:\/\/iothing.es\/en\/wp-json\/wp\/v2\/users\/4"}],"replies":[{"embeddable":true,"href":"https:\/\/iothing.es\/en\/wp-json\/wp\/v2\/comments?post=233"}],"version-history":[{"count":38,"href":"https:\/\/iothing.es\/en\/wp-json\/wp\/v2\/pages\/233\/revisions"}],"predecessor-version":[{"id":1258,"href":"https:\/\/iothing.es\/en\/wp-json\/wp\/v2\/pages\/233\/revisions\/1258"}],"wp:attachment":[{"href":"https:\/\/iothing.es\/en\/wp-json\/wp\/v2\/media?parent=233"}],"curies":[{"name":"wp","href":"https:\/\/api.w.org\/{rel}","templated":true}]}}