{"id":632,"date":"2024-10-07T13:47:33","date_gmt":"2024-10-07T11:47:33","guid":{"rendered":"https:\/\/iothing.es\/?page_id=632"},"modified":"2024-10-15T22:18:46","modified_gmt":"2024-10-15T20:18:46","slug":"contacto","status":"publish","type":"page","link":"https:\/\/iothing.es\/en\/contacto\/","title":{"rendered":"Contact"},"content":{"rendered":"<p>[et_pb_section fb_built=\u00bb1&#8243; _builder_version=\u00bb4.27.2&#8243; _module_preset=\u00bbdefault\u00bb background_color=\u00bbrgba(0,0,0,0.58)\u00bb use_background_color_gradient=\u00bbon\u00bb background_color_gradient_direction=\u00bb90deg\u00bb background_color_gradient_stops=\u00bb#000000 62%|rgba(41,196,169,0) 97%\u00bb background_image=\u00bbhttps:\/\/iothing.es\/wp-content\/uploads\/2024\/10\/bg-contacto.webp\u00bb background_size=\u00bbcustom\u00bb background_position=\u00bbcenter_right\u00bb background_blend=\u00bbmultiply\u00bb custom_padding=\u00bb120px||132px||false|false\u00bb da_disable_devices=\u00bboff|off|off\u00bb global_colors_info=\u00bb{}\u00bb da_is_popup=\u00bboff\u00bb da_exit_intent=\u00bboff\u00bb da_has_close=\u00bbon\u00bb da_alt_close=\u00bboff\u00bb da_dark_close=\u00bboff\u00bb da_not_modal=\u00bbon\u00bb da_is_singular=\u00bboff\u00bb da_with_loader=\u00bboff\u00bb da_has_shadow=\u00bbon\u00bb][et_pb_row _builder_version=\u00bb4.27.2&#8243; _module_preset=\u00bbdefault\u00bb width=\u00bb90%\u00bb max_width=\u00bb1300px\u00bb global_colors_info=\u00bb{}\u00bb][et_pb_column type=\u00bb4_4&#8243; _builder_version=\u00bb4.27.0&#8243; _module_preset=\u00bbdefault\u00bb global_colors_info=\u00bb{}\u00bb][et_pb_text _builder_version=\u00bb4.27.2&#8243; _module_preset=\u00bbdefault\u00bb header_font=\u00bb|800|||||||\u00bb header_text_color=\u00bb#FFD402&#8243; header_font_size=\u00bb56px\u00bb global_colors_info=\u00bb{}\u00bb]<\/p>\n<h1>Contact<\/h1>\n<p>[\/et_pb_text][et_pb_text content_tablet=\u00bbEn IOThing, somos tu compa\u00f1ero de viaje, <strong>guiding you every step towards innovation and technological growth of your company.<\/strong>\u00bb content_phone=\u00bbEn IOThing, somos tu compa\u00f1ero de viaje, <strong>guiding you every step towards innovation and technological growth of your company.<\/strong>\u00bb content_last_edited=\u00bbon|tablet\u00bb _builder_version=\u00bb4.27.2&#8243; _module_preset=\u00bbdefault\u00bb text_font=\u00bb|600|||||||\u00bb text_text_color=\u00bb#FFFFFF\u00bb text_font_size=\u00bb26px\u00bb text_line_height=\u00bb1.4em\u00bb global_colors_info=\u00bb{}\u00bb]Estamos aqu\u00ed para ayudarte: cont\u00e1ctanos y resolveremos todas tus dudas.[\/et_pb_text][\/et_pb_column][\/et_pb_row][\/et_pb_section][et_pb_section fb_built=\u00bb1&#8243; _builder_version=\u00bb4.27.2&#8243; _module_preset=\u00bbdefault\u00bb background_color=\u00bb#FFD402&#8243; da_disable_devices=\u00bboff|off|off\u00bb global_colors_info=\u00bb{}\u00bb da_is_popup=\u00bboff\u00bb da_exit_intent=\u00bboff\u00bb da_has_close=\u00bbon\u00bb da_alt_close=\u00bboff\u00bb da_dark_close=\u00bboff\u00bb da_not_modal=\u00bbon\u00bb da_is_singular=\u00bboff\u00bb da_with_loader=\u00bboff\u00bb da_has_shadow=\u00bbon\u00bb][et_pb_row _builder_version=\u00bb4.27.0&#8243; _module_preset=\u00bbdefault\u00bb width=\u00bb90%\u00bb max_width=\u00bb1300px\u00bb global_colors_info=\u00bb{}\u00bb][et_pb_column type=\u00bb4_4&#8243; _builder_version=\u00bb4.27.0&#8243; _module_preset=\u00bbdefault\u00bb global_colors_info=\u00bb{}\u00bb][et_pb_text _builder_version=\u00bb4.27.2&#8243; _module_preset=\u00bbdefault\u00bb header_2_font=\u00bb|800|||||||\u00bb header_2_text_align=\u00bbleft\u00bb header_2_text_color=\u00bb#000000&#8243; header_2_font_size=\u00bb33px\u00bb global_colors_info=\u00bb{}\u00bb]<\/p>\n<h2>LEAVE US YOUR MESSAGE<\/h2>\n<p>[\/et_pb_text][\/et_pb_column][\/et_pb_row][et_pb_row column_structure=\u00bb1_2,1_2&#8243; _builder_version=\u00bb4.27.2&#8243; _module_preset=\u00bbdefault\u00bb width=\u00bb90%\u00bb max_width=\u00bb1300px\u00bb global_colors_info=\u00bb{}\u00bb][et_pb_column type=\u00bb1_2&#8243; _builder_version=\u00bb4.27.0&#8243; _module_preset=\u00bbdefault\u00bb global_colors_info=\u00bb{}\u00bb][dipl_form_styler form_type=\u00bbcontact_form_7&#8243; cf7_form_id=\u00bb16&#8243; input_custom_padding=\u00bb16px||16px||true|false\u00bb submit_custom_padding=\u00bb13px|40px|9px|40px|false|true\u00bb submit_bg_color=\u00bb#000000&#8243; _builder_version=\u00bb4.27.2&#8243; _module_preset=\u00bbdefault\u00bb label_font_size=\u00bb17px\u00bb label_line_height=\u00bb1.7em\u00bb submit_button_text_font=\u00bb|700||on|||||\u00bb submit_button_text_text_color=\u00bb#FFFFFF\u00bb submit_button_text_font_size=\u00bb19px\u00bb submit_button_text_letter_spacing=\u00bb1px\u00bb input_width=\u00bb100%\u00bb hover_enabled=\u00bb0&#8243; border_radii_input=\u00bbon|7px|7px|7px|7px\u00bb border_width_all_input=\u00bb3px\u00bb border_radii_submit_button=\u00bbon|10px|10px|10px|10px\u00bb border_width_all_submit_button=\u00bb0px\u00bb global_colors_info=\u00bb{}\u00bb submit_button_text_text_color__hover_enabled=\u00bbon|hover\u00bb submit_button_text_text_color__hover=\u00bb#000000&#8243; submit_bg_color__hover_enabled=\u00bbon|hover\u00bb submit_bg_color__hover=\u00bb#FFFFFF\u00bb submit_bg_enable_color__hover=\u00bbon\u00bb custom_css_free_form=\u00bbselector textarea {||  min-height: 125px;||}\u00bb sticky_enabled=\u00bb0&#8243;][\/dipl_form_styler][\/et_pb_column][et_pb_column type=\u00bb1_2&#8243; _builder_version=\u00bb4.27.0&#8243; _module_preset=\u00bbdefault\u00bb global_colors_info=\u00bb{}\u00bb][et_pb_text _builder_version=\u00bb4.27.2&#8243; _module_preset=\u00bbdefault\u00bb text_font=\u00bb||||||||\u00bb text_font_size=\u00bb20px\u00bb global_colors_info=\u00bb{}\u00bb]<\/p>\n<p>For inquiries, technical assistance or collaboration opportunities, please contact us using the information provided.<\/p>\n<p>[\/et_pb_text][et_pb_blurb use_icon=\u00bbon\u00bb font_icon=\u00bb&#xe076;||divi||400&#8243; icon_color=\u00bb#FFFFFF\u00bb image_icon_background_color=\u00bb#000000&#8243; icon_placement=\u00bbleft\u00bb image_icon_width=\u00bb34px\u00bb module_class=\u00bbanuncio-texto-centrado\u00bb _builder_version=\u00bb4.27.2&#8243; _module_preset=\u00bbdefault\u00bb header_font_size=\u00bb21px\u00bb body_font=\u00bb|300|||||||\u00bb body_font_size=\u00bb21px\u00bb link_option_url=\u00bbmailto:comercial@iothing.es\u00bb custom_css_free_form=\u00bbselector .et-pb-icon {||  width: 46px;||  height: 46px;||  font-size: 27px !important;||  line-height: 34px;||  text-align: center;||}\u00bb border_radii_image=\u00bbon|1286px|1286px|1286px|1286px\u00bb border_width_all_image=\u00bb6px\u00bb border_color_all_image=\u00bb#000000&#8243; global_colors_info=\u00bb{}\u00bb]<\/p>\n<p>comercial@iothing.es<\/p>\n<p>[\/et_pb_blurb][et_pb_blurb use_icon=\u00bbon\u00bb font_icon=\u00bb&#xe081;||divi||400&#8243; icon_color=\u00bb#FFFFFF\u00bb image_icon_background_color=\u00bb#000000&#8243; icon_placement=\u00bbleft\u00bb image_icon_width=\u00bb30px\u00bb module_class=\u00bbanuncio-texto-centrado\u00bb _builder_version=\u00bb4.27.2&#8243; _module_preset=\u00bbdefault\u00bb header_font_size=\u00bb21px\u00bb body_font=\u00bb|300|||||||\u00bb body_font_size=\u00bb21px\u00bb link_option_url=\u00bbhttps:\/\/maps.app.goo.gl\/j5uYXif7hHw5imR8A\u00bb border_radii_image=\u00bbon|1286px|1286px|1286px|1286px\u00bb border_width_all_image=\u00bb6px\u00bb border_color_all_image=\u00bb#000000&#8243; global_colors_info=\u00bb{}\u00bb]<\/p>\n<p>Nexo Building, Puebla Street, 1, 09004 Burgos<\/p>\n<p>[\/et_pb_blurb][\/et_pb_column][\/et_pb_row][\/et_pb_section]<\/p>","protected":false},"excerpt":{"rendered":"<p>ContactoEstamos aqu\u00ed para ayudarte: cont\u00e1ctanos y resolveremos todas tus dudas.D\u00c9JANOS TU MENSAJE<div class=\"et_pb_with_border et_pb_module dipl_form_styler dipl_form_styler_0\">\n\t\t\t\t\n\t\t\t\t\n\t\t\t\t\n\t\t\t\t\n\t\t\t\t\n\t\t\t\t\n\t\t\t\t<div class=\"et_pb_module_inner\">\n\t\t\t\t\t<div class=\"dipl_form_styler_wrapper\">\n<div class=\"wpcf7 no-js\" id=\"wpcf7-f16-o1\" lang=\"es-ES\" dir=\"ltr\" data-wpcf7-id=\"16\">\n<div class=\"screen-reader-response\"><p role=\"status\" aria-live=\"polite\" aria-atomic=\"true\"><\/p> <ul><\/ul><\/div>\n<form action=\"\/en\/wp-json\/wp\/v2\/pages\/632#wpcf7-f16-o1\" method=\"post\" class=\"wpcf7-form init\" aria-label=\"Formulario de contacto\" novalidate=\"novalidate\" data-status=\"init\" data-trp-original-action=\"\/en\/wp-json\/wp\/v2\/pages\/632#wpcf7-f16-o1\">\n<div style=\"display: none;\">\n<input type=\"hidden\" name=\"_wpcf7\" value=\"16\" \/>\n<input type=\"hidden\" name=\"_wpcf7_version\" value=\"6.0.4\" \/>\n<input type=\"hidden\" name=\"_wpcf7_locale\" value=\"es_ES\" \/>\n<input type=\"hidden\" name=\"_wpcf7_unit_tag\" value=\"wpcf7-f16-o1\" \/>\n<input type=\"hidden\" name=\"_wpcf7_container_post\" value=\"0\" \/>\n<input type=\"hidden\" name=\"_wpcf7_posted_data_hash\" value=\"\" \/>\n<input type=\"hidden\" name=\"_wpcf7dtx_version\" value=\"5.0.3\" \/>\n<input type=\"hidden\" name=\"_wpcf7_recaptcha_response\" value=\"\" \/>\n<\/div>\n<div class=\"form-two-columns\">\n\t<p><label>Name and surname <span class=\"wpcf7-form-control-wrap\" data-name=\"nombre\"><input size=\"40\" maxlength=\"400\" class=\"wpcf7-form-control wpcf7-text wpcf7-validates-as-required\" autocomplete=\"name\" aria-required=\"true\" aria-invalid=\"false\" value=\"\" type=\"text\" name=\"nombre\" \/><\/span><\/label>\n\t<\/p>\n\t<p><label>Company<span class=\"wpcf7-form-control-wrap\" data-name=\"empresa\"><input size=\"40\" maxlength=\"400\" class=\"wpcf7-form-control wpcf7-text wpcf7-validates-as-required\" aria-required=\"true\" aria-invalid=\"false\" value=\"\" type=\"text\" name=\"empresa\" \/><\/span><\/label>\n\t<\/p>\n<\/div>\n<div class=\"form-two-columns\">\n\t<p><label>E-mail <span class=\"wpcf7-form-control-wrap\" data-name=\"your-email\"><input size=\"40\" maxlength=\"400\" class=\"wpcf7-form-control wpcf7-email wpcf7-validates-as-required wpcf7-text wpcf7-validates-as-email\" autocomplete=\"email\" aria-required=\"true\" aria-invalid=\"false\" value=\"\" type=\"email\" name=\"your-email\" \/><\/span><\/label>\n\t<\/p>\n\t<p><label>Phone number <span class=\"wpcf7-form-control-wrap\" data-name=\"telefono\"><input size=\"40\" maxlength=\"400\" class=\"wpcf7-form-control wpcf7-tel wpcf7-validates-as-required wpcf7-text wpcf7-validates-as-tel\" aria-required=\"true\" aria-invalid=\"false\" value=\"\" type=\"tel\" name=\"telefono\" \/><\/span><\/label>\n\t<\/p>\n<\/div>\n<p><label> Message<br \/>\n<span class=\"wpcf7-form-control-wrap your-message\" data-name=\"your-message\"><textarea name=\"your-message\" class=\"wpcf7-form-control wpcf7-textarea wpcf7dtx wpcf7dtx-textarea\" aria-invalid=\"false\"><\/textarea><\/span> <\/label>\n<\/p>\n<p style=\"font-weight: 100;\">This site is protected by reCAPTCHA and the Privacy Policy apply. <a href=\"http:\/\/policies.google.com\/privacy\" style=\"font-weight: 500; color: #000;\">Privacy Policy<\/a> and the <a href=\"http:\/\/policies.google.com\/terms\" style=\"font-weight: 500; color: #000;\">Terms of Service<\/a> from Google.\n<\/p>\n<p><input class=\"wpcf7-form-control wpcf7-submit has-spinner\" type=\"submit\" value=\"Send\" \/>\n<\/p><div class=\"wpcf7-response-output\" aria-hidden=\"true\"><\/div>\n<input type=\"hidden\" name=\"trp-form-language\" value=\"en\"\/><\/form>\n<\/div>\n<\/div>\n\t\t\t\t<\/div>\n\t\t\t<\/div>Para consultas, asistencia t\u00e9cnica u oportunidades de colaboraci\u00f3n cont\u00e1ctanos a trav\u00e9s de la [&hellip;]<\/p>","protected":false},"author":4,"featured_media":0,"parent":0,"menu_order":0,"comment_status":"closed","ping_status":"closed","template":"","meta":{"_et_pb_use_builder":"on","_et_pb_old_content":"","_et_gb_content_width":"","inline_featured_image":false,"footnotes":""},"class_list":["post-632","page","type-page","status-publish","hentry"],"yoast_head":"<!-- This site is optimized with the Yoast SEO plugin v24.6 - https:\/\/yoast.com\/wordpress\/plugins\/seo\/ -->\n<title>Contacto - IOTHING<\/title>\n<meta name=\"robots\" content=\"index, follow, max-snippet:-1, max-image-preview:large, max-video-preview:-1\" \/>\n<link rel=\"canonical\" href=\"https:\/\/iothing.es\/en\/contacto\/\" \/>\n<meta property=\"og:locale\" content=\"en_GB\" \/>\n<meta property=\"og:type\" content=\"article\" \/>\n<meta property=\"og:title\" content=\"Contacto - IOTHING\" \/>\n<meta property=\"og:url\" content=\"https:\/\/iothing.es\/en\/contacto\/\" \/>\n<meta property=\"og:site_name\" content=\"IOTHING\" \/>\n<meta property=\"article:modified_time\" content=\"2024-10-15T20:18:46+00:00\" \/>\n<meta property=\"og:image\" content=\"https:\/\/iothing.es\/wp-content\/uploads\/2024\/09\/quote-home-tn.jpg\" \/>\n\t<meta property=\"og:image:width\" content=\"1414\" \/>\n\t<meta property=\"og:image:height\" content=\"990\" \/>\n\t<meta property=\"og:image:type\" content=\"image\/jpeg\" \/>\n<meta name=\"twitter:card\" content=\"summary_large_image\" \/>\n<meta name=\"twitter:label1\" content=\"Estimated reading time\" \/>\n\t<meta name=\"twitter:data1\" content=\"4 minutes\" \/>\n<script type=\"application\/ld+json\" class=\"yoast-schema-graph\">{\"@context\":\"https:\/\/schema.org\",\"@graph\":[{\"@type\":\"WebPage\",\"@id\":\"https:\/\/iothing.es\/contacto\/\",\"url\":\"https:\/\/iothing.es\/contacto\/\",\"name\":\"Contacto - IOTHING\",\"isPartOf\":{\"@id\":\"https:\/\/iothing.es\/#website\"},\"datePublished\":\"2024-10-07T11:47:33+00:00\",\"dateModified\":\"2024-10-15T20:18:46+00:00\",\"breadcrumb\":{\"@id\":\"https:\/\/iothing.es\/contacto\/#breadcrumb\"},\"inLanguage\":\"en-GB\",\"potentialAction\":[{\"@type\":\"ReadAction\",\"target\":[\"https:\/\/iothing.es\/contacto\/\"]}]},{\"@type\":\"BreadcrumbList\",\"@id\":\"https:\/\/iothing.es\/contacto\/#breadcrumb\",\"itemListElement\":[{\"@type\":\"ListItem\",\"position\":1,\"name\":\"Portada\",\"item\":\"https:\/\/iothing.es\/\"},{\"@type\":\"ListItem\",\"position\":2,\"name\":\"Contacto\"}]},{\"@type\":\"WebSite\",\"@id\":\"https:\/\/iothing.es\/#website\",\"url\":\"https:\/\/iothing.es\/\",\"name\":\"IOTHING\",\"description\":\"The lab of the smart connected devices\",\"publisher\":{\"@id\":\"https:\/\/iothing.es\/#organization\"},\"potentialAction\":[{\"@type\":\"SearchAction\",\"target\":{\"@type\":\"EntryPoint\",\"urlTemplate\":\"https:\/\/iothing.es\/?s={search_term_string}\"},\"query-input\":{\"@type\":\"PropertyValueSpecification\",\"valueRequired\":true,\"valueName\":\"search_term_string\"}}],\"inLanguage\":\"en-GB\"},{\"@type\":\"Organization\",\"@id\":\"https:\/\/iothing.es\/#organization\",\"name\":\"IOTHING\",\"url\":\"https:\/\/iothing.es\/\",\"logo\":{\"@type\":\"ImageObject\",\"inLanguage\":\"en-GB\",\"@id\":\"https:\/\/iothing.es\/#\/schema\/logo\/image\/\",\"url\":\"https:\/\/iothing.es\/wp-content\/uploads\/2024\/09\/logo-IOTHING.svg\",\"contentUrl\":\"https:\/\/iothing.es\/wp-content\/uploads\/2024\/09\/logo-IOTHING.svg\",\"width\":\"1200\",\"height\":\"1200\",\"caption\":\"IOTHING\"},\"image\":{\"@id\":\"https:\/\/iothing.es\/#\/schema\/logo\/image\/\"},\"sameAs\":[\"https:\/\/www.linkedin.com\/company\/iothing\"]}]}<\/script>\n<!-- \/ Yoast SEO plugin. -->","yoast_head_json":{"title":"Contacto - IOTHING","robots":{"index":"index","follow":"follow","max-snippet":"max-snippet:-1","max-image-preview":"max-image-preview:large","max-video-preview":"max-video-preview:-1"},"canonical":"https:\/\/iothing.es\/en\/contacto\/","og_locale":"en_GB","og_type":"article","og_title":"Contacto - IOTHING","og_url":"https:\/\/iothing.es\/en\/contacto\/","og_site_name":"IOTHING","article_modified_time":"2024-10-15T20:18:46+00:00","og_image":[{"width":1414,"height":990,"url":"https:\/\/iothing.es\/wp-content\/uploads\/2024\/09\/quote-home-tn.jpg","type":"image\/jpeg"}],"twitter_card":"summary_large_image","twitter_misc":{"Estimated reading time":"4 minutes"},"schema":{"@context":"https:\/\/schema.org","@graph":[{"@type":"WebPage","@id":"https:\/\/iothing.es\/contacto\/","url":"https:\/\/iothing.es\/contacto\/","name":"Contacto - IOTHING","isPartOf":{"@id":"https:\/\/iothing.es\/#website"},"datePublished":"2024-10-07T11:47:33+00:00","dateModified":"2024-10-15T20:18:46+00:00","breadcrumb":{"@id":"https:\/\/iothing.es\/contacto\/#breadcrumb"},"inLanguage":"en-GB","potentialAction":[{"@type":"ReadAction","target":["https:\/\/iothing.es\/contacto\/"]}]},{"@type":"BreadcrumbList","@id":"https:\/\/iothing.es\/contacto\/#breadcrumb","itemListElement":[{"@type":"ListItem","position":1,"name":"Portada","item":"https:\/\/iothing.es\/"},{"@type":"ListItem","position":2,"name":"Contacto"}]},{"@type":"WebSite","@id":"https:\/\/iothing.es\/#website","url":"https:\/\/iothing.es\/","name":"IOTHING","description":"The lab of the smart connected devices","publisher":{"@id":"https:\/\/iothing.es\/#organization"},"potentialAction":[{"@type":"SearchAction","target":{"@type":"EntryPoint","urlTemplate":"https:\/\/iothing.es\/?s={search_term_string}"},"query-input":{"@type":"PropertyValueSpecification","valueRequired":true,"valueName":"search_term_string"}}],"inLanguage":"en-GB"},{"@type":"Organization","@id":"https:\/\/iothing.es\/#organization","name":"IOTHING","url":"https:\/\/iothing.es\/","logo":{"@type":"ImageObject","inLanguage":"en-GB","@id":"https:\/\/iothing.es\/#\/schema\/logo\/image\/","url":"https:\/\/iothing.es\/wp-content\/uploads\/2024\/09\/logo-IOTHING.svg","contentUrl":"https:\/\/iothing.es\/wp-content\/uploads\/2024\/09\/logo-IOTHING.svg","width":"1200","height":"1200","caption":"IOTHING"},"image":{"@id":"https:\/\/iothing.es\/#\/schema\/logo\/image\/"},"sameAs":["https:\/\/www.linkedin.com\/company\/iothing"]}]}},"_links":{"self":[{"href":"https:\/\/iothing.es\/en\/wp-json\/wp\/v2\/pages\/632","targetHints":{"allow":["GET"]}}],"collection":[{"href":"https:\/\/iothing.es\/en\/wp-json\/wp\/v2\/pages"}],"about":[{"href":"https:\/\/iothing.es\/en\/wp-json\/wp\/v2\/types\/page"}],"author":[{"embeddable":true,"href":"https:\/\/iothing.es\/en\/wp-json\/wp\/v2\/users\/4"}],"replies":[{"embeddable":true,"href":"https:\/\/iothing.es\/en\/wp-json\/wp\/v2\/comments?post=632"}],"version-history":[{"count":15,"href":"https:\/\/iothing.es\/en\/wp-json\/wp\/v2\/pages\/632\/revisions"}],"predecessor-version":[{"id":972,"href":"https:\/\/iothing.es\/en\/wp-json\/wp\/v2\/pages\/632\/revisions\/972"}],"wp:attachment":[{"href":"https:\/\/iothing.es\/en\/wp-json\/wp\/v2\/media?parent=632"}],"curies":[{"name":"wp","href":"https:\/\/api.w.org\/{rel}","templated":true}]}}